{"id":3271,"date":"2019-06-08T17:17:19","date_gmt":"2019-06-08T15:17:19","guid":{"rendered":"https:\/\/www.chaidubaron.ch\/?page_id=3271"},"modified":"2026-02-26T16:08:21","modified_gmt":"2026-02-26T14:08:21","slug":"collaborateurs-chai","status":"publish","type":"page","link":"https:\/\/www.chaidubaron.ch\/de\/collaborateurs-chai\/","title":{"rendered":"Das Team"},"content":{"rendered":"\n<h2 class=\"wp-block-heading\">Mitarbeiter<\/h2>\n\n\n\n<div class=\"wp-block-columns is-layout-flex wp-container-core-columns-is-layout-28f84493 wp-block-columns-is-layout-flex\">\n<div class=\"wp-block-column is-layout-flow wp-block-column-is-layout-flow\">\n<figure class=\"wp-block-image size-large\"><img decoding=\"async\" width=\"1024\" height=\"684\" src=\"https:\/\/www.chaidubaron.ch\/wp-content\/uploads\/2025\/07\/PatriceWalpen_2025_Omaire_OM99399-1024x684.jpg\" alt=\"\" class=\"wp-image-10879\" srcset=\"https:\/\/www.chaidubaron.ch\/wp-content\/uploads\/2025\/07\/PatriceWalpen_2025_Omaire_OM99399-1024x684.jpg 1024w, https:\/\/www.chaidubaron.ch\/wp-content\/uploads\/2025\/07\/PatriceWalpen_2025_Omaire_OM99399-300x201.jpg 300w, https:\/\/www.chaidubaron.ch\/wp-content\/uploads\/2025\/07\/PatriceWalpen_2025_Omaire_OM99399-768x513.jpg 768w, https:\/\/www.chaidubaron.ch\/wp-content\/uploads\/2025\/07\/PatriceWalpen_2025_Omaire_OM99399.jpg 1200w\" sizes=\"(max-width: 1024px) 100vw, 1024px\" \/><\/figure>\n\n\n\n<p class=\"has-text-align-center has-small-font-size\">Patrice Walpen<br>Inhaber<br><a href=\"mailto:patrice@chaidubaron.ch\">patrice@chaidubaron.ch<\/a><\/p>\n<\/div>\n\n\n\n<div class=\"wp-block-column is-layout-flow wp-block-column-is-layout-flow\">\n<figure class=\"wp-block-image size-large\"><img decoding=\"async\" width=\"900\" height=\"600\" src=\"https:\/\/www.chaidubaron.ch\/wp-content\/uploads\/2019\/11\/chai_stephane_gauye.jpg\" alt=\"\" class=\"wp-image-3058\" srcset=\"https:\/\/www.chaidubaron.ch\/wp-content\/uploads\/2019\/11\/chai_stephane_gauye.jpg 900w, https:\/\/www.chaidubaron.ch\/wp-content\/uploads\/2019\/11\/chai_stephane_gauye-300x200.jpg 300w, https:\/\/www.chaidubaron.ch\/wp-content\/uploads\/2019\/11\/chai_stephane_gauye-768x512.jpg 768w, https:\/\/www.chaidubaron.ch\/wp-content\/uploads\/2019\/11\/chai_stephane_gauye-272x182.jpg 272w\" sizes=\"(max-width: 900px) 100vw, 900px\" \/><\/figure>\n\n\n\n<p class=\"has-text-align-center has-small-font-size\">St\u00e9phane Gauye<br>\u00d6nologe<br><a href=\"mailto:stephane@chaidubaron.ch\">stephane@chaidubaron.ch<\/a><\/p>\n<\/div>\n\n\n\n<div class=\"wp-block-column is-layout-flow wp-block-column-is-layout-flow\">\n<figure class=\"wp-block-image size-large\"><img decoding=\"async\" width=\"900\" height=\"600\" src=\"https:\/\/www.chaidubaron.ch\/wp-content\/uploads\/2019\/11\/chai_romaine_salamin.jpg\" alt=\"\" class=\"wp-image-3056\" srcset=\"https:\/\/www.chaidubaron.ch\/wp-content\/uploads\/2019\/11\/chai_romaine_salamin.jpg 900w, https:\/\/www.chaidubaron.ch\/wp-content\/uploads\/2019\/11\/chai_romaine_salamin-300x200.jpg 300w, https:\/\/www.chaidubaron.ch\/wp-content\/uploads\/2019\/11\/chai_romaine_salamin-768x512.jpg 768w, https:\/\/www.chaidubaron.ch\/wp-content\/uploads\/2019\/11\/chai_romaine_salamin-272x182.jpg 272w\" sizes=\"(max-width: 900px) 100vw, 900px\" \/><\/figure>\n\n\n\n<p class=\"has-text-align-center has-small-font-size\">Romaine Salamin<br>Administration &amp; HR Manager<br><a href=\"mailto:romaine@chaidubaron.ch\">romaine@chaidubaron.ch<\/a><\/p>\n<\/div>\n<\/div>\n\n\n\n<div class=\"wp-block-columns is-layout-flex wp-container-core-columns-is-layout-28f84493 wp-block-columns-is-layout-flex\">\n<div class=\"wp-block-column is-layout-flow wp-block-column-is-layout-flow\">\n<figure class=\"wp-block-image size-full\"><img decoding=\"async\" width=\"900\" height=\"600\" src=\"https:\/\/www.chaidubaron.ch\/wp-content\/uploads\/2025\/03\/cdb_site_internet_bbarras_collaborateur-1.png\" alt=\"Beno\u00eet Barras Kundenberater\" class=\"wp-image-9202\" srcset=\"https:\/\/www.chaidubaron.ch\/wp-content\/uploads\/2025\/03\/cdb_site_internet_bbarras_collaborateur-1.png 900w, https:\/\/www.chaidubaron.ch\/wp-content\/uploads\/2025\/03\/cdb_site_internet_bbarras_collaborateur-1-300x200.png 300w, https:\/\/www.chaidubaron.ch\/wp-content\/uploads\/2025\/03\/cdb_site_internet_bbarras_collaborateur-1-768x512.png 768w, https:\/\/www.chaidubaron.ch\/wp-content\/uploads\/2025\/03\/cdb_site_internet_bbarras_collaborateur-1-272x182.png 272w\" sizes=\"(max-width: 900px) 100vw, 900px\" \/><\/figure>\n\n\n\n<p class=\"has-text-align-center has-small-font-size\">Beno\u00eet Barras<br>Kundenberater<br><a href=\"mailto:benoit@chaidubaron.ch\">benoit@chaidubaron.ch<\/a><br>079 662 10 81<\/p>\n<\/div>\n\n\n\n<div class=\"wp-block-column is-layout-flow wp-block-column-is-layout-flow\">\n<figure class=\"wp-block-image size-large\"><img decoding=\"async\" width=\"900\" height=\"600\" src=\"https:\/\/www.chaidubaron.ch\/wp-content\/uploads\/2022\/11\/cyril.jpg\" alt=\"\" class=\"wp-image-5272\" srcset=\"https:\/\/www.chaidubaron.ch\/wp-content\/uploads\/2022\/11\/cyril.jpg 900w, https:\/\/www.chaidubaron.ch\/wp-content\/uploads\/2022\/11\/cyril-300x200.jpg 300w, https:\/\/www.chaidubaron.ch\/wp-content\/uploads\/2022\/11\/cyril-768x512.jpg 768w, https:\/\/www.chaidubaron.ch\/wp-content\/uploads\/2022\/11\/cyril-272x182.jpg 272w\" sizes=\"(max-width: 900px) 100vw, 900px\" \/><\/figure>\n\n\n\n<p class=\"has-text-align-center has-small-font-size\">Cyril Dautreme<br>Kundenberater<br><a href=\"mailto:cyril@chaidubaron.ch\">cyril@chaidubaron.ch<\/a><br>076 405 51 35<\/p>\n<\/div>\n\n\n\n<div class=\"wp-block-column is-layout-flow wp-block-column-is-layout-flow\">\n<div class=\"wp-block-uagb-image uagb-block-65074edc wp-block-uagb-image--layout-default wp-block-uagb-image--effect-static wp-block-uagb-image--align-none\"><figure class=\"wp-block-uagb-image__figure\"><img decoding=\"async\" srcset=\"https:\/\/www.chaidubaron.ch\/wp-content\/uploads\/2026\/02\/IMG_5721-2-1024x695.jpg ,https:\/\/www.chaidubaron.ch\/wp-content\/uploads\/2026\/02\/IMG_5721-2.jpg 780w, https:\/\/www.chaidubaron.ch\/wp-content\/uploads\/2026\/02\/IMG_5721-2.jpg 360w\" sizes=\"auto, (max-width: 480px) 150px\" src=\"https:\/\/www.chaidubaron.ch\/wp-content\/uploads\/2026\/02\/IMG_5721-2-1024x695.jpg\" alt=\"\" class=\"uag-image-12263\" width=\"4032\" height=\"3024\" title=\"IMG_5721\" loading=\"lazy\" role=\"img\"\/><\/figure><\/div>\n\n\n\n<p class=\"has-text-align-center has-small-font-size\">In\u00eas Corado Comte<br>Marketing und Sociale Netzwerke<br><a href=\"mailto:ines@chaidubaron.ch\">ines@chaidubaron.ch<\/a><\/p>\n<\/div>\n<\/div>\n\n\n\n<div class=\"wp-block-columns is-layout-flex wp-container-core-columns-is-layout-28f84493 wp-block-columns-is-layout-flex\">\n<div class=\"wp-block-column is-layout-flow wp-block-column-is-layout-flow\">\n<figure class=\"wp-block-image size-large\"><img decoding=\"async\" width=\"900\" height=\"600\" src=\"https:\/\/www.chaidubaron.ch\/wp-content\/uploads\/2021\/09\/chai_Johnny_Marais.jpg\" alt=\"\" class=\"wp-image-4109\" srcset=\"https:\/\/www.chaidubaron.ch\/wp-content\/uploads\/2021\/09\/chai_Johnny_Marais.jpg 900w, https:\/\/www.chaidubaron.ch\/wp-content\/uploads\/2021\/09\/chai_Johnny_Marais-300x200.jpg 300w, https:\/\/www.chaidubaron.ch\/wp-content\/uploads\/2021\/09\/chai_Johnny_Marais-768x512.jpg 768w, https:\/\/www.chaidubaron.ch\/wp-content\/uploads\/2021\/09\/chai_Johnny_Marais-272x182.jpg 272w\" sizes=\"(max-width: 900px) 100vw, 900px\" \/><\/figure>\n\n\n\n<p class=\"has-text-align-center has-small-font-size\">Johnny Marais<br>Weintechnologe<br><a href=\"mailto:johnny@chaidubaron.ch\">johnny@chaidubaron.ch<\/a><\/p>\n<\/div>\n\n\n\n<div class=\"wp-block-column is-layout-flow wp-block-column-is-layout-flow\">\n<figure class=\"wp-block-image size-large\"><img decoding=\"async\" width=\"900\" height=\"600\" src=\"https:\/\/www.chaidubaron.ch\/wp-content\/uploads\/2019\/11\/chai_alfredo_margarida.jpg\" alt=\"\" class=\"wp-image-3053\" srcset=\"https:\/\/www.chaidubaron.ch\/wp-content\/uploads\/2019\/11\/chai_alfredo_margarida.jpg 900w, https:\/\/www.chaidubaron.ch\/wp-content\/uploads\/2019\/11\/chai_alfredo_margarida-300x200.jpg 300w, https:\/\/www.chaidubaron.ch\/wp-content\/uploads\/2019\/11\/chai_alfredo_margarida-768x512.jpg 768w, https:\/\/www.chaidubaron.ch\/wp-content\/uploads\/2019\/11\/chai_alfredo_margarida-272x182.jpg 272w\" sizes=\"(max-width: 900px) 100vw, 900px\" \/><\/figure>\n\n\n\n<p class=\"has-text-align-center has-small-font-size\">Alfredo &amp; Margarida Pimentel<br>Winzer<\/p>\n<\/div>\n\n\n\n<div class=\"wp-block-column is-layout-flow wp-block-column-is-layout-flow\">\n<figure class=\"wp-block-gallery has-nested-images columns-default is-cropped wp-block-gallery-1 is-layout-flex wp-block-gallery-is-layout-flex\">\n<figure class=\"wp-block-image size-full\"><img decoding=\"async\" width=\"900\" height=\"600\" data-id=\"9742\" src=\"https:\/\/www.chaidubaron.ch\/wp-content\/uploads\/2025\/04\/zoe_photo_site_internet.png\" alt=\"Zo&#xE9; Walpen Empfang &amp;amp; Weintourismus\" class=\"wp-image-9742\" srcset=\"https:\/\/www.chaidubaron.ch\/wp-content\/uploads\/2025\/04\/zoe_photo_site_internet.png 900w, https:\/\/www.chaidubaron.ch\/wp-content\/uploads\/2025\/04\/zoe_photo_site_internet-300x200.png 300w, https:\/\/www.chaidubaron.ch\/wp-content\/uploads\/2025\/04\/zoe_photo_site_internet-768x512.png 768w\" sizes=\"(max-width: 900px) 100vw, 900px\" \/><\/figure>\n<\/figure>\n\n\n\n<p class=\"has-text-align-center has-small-font-size\">Zo\u00e9 Walpen<br>Empfang &amp; Weintourismus<br><a href=\"mailto:zoe@chaidubaron.ch\">zoe@chaidubaron.ch<\/a><\/p>\n<\/div>\n<\/div>\n\n\n\n<div class=\"wp-block-columns is-layout-flex wp-container-core-columns-is-layout-28f84493 wp-block-columns-is-layout-flex\">\n<div class=\"wp-block-column is-layout-flow wp-block-column-is-layout-flow\">\n<figure class=\"wp-block-image size-large\"><img decoding=\"async\" width=\"900\" height=\"600\" src=\"https:\/\/www.chaidubaron.ch\/wp-content\/uploads\/2023\/05\/chai_nathalie_.jpg\" alt=\"\" class=\"wp-image-5957\" srcset=\"https:\/\/www.chaidubaron.ch\/wp-content\/uploads\/2023\/05\/chai_nathalie_.jpg 900w, https:\/\/www.chaidubaron.ch\/wp-content\/uploads\/2023\/05\/chai_nathalie_-300x200.jpg 300w, https:\/\/www.chaidubaron.ch\/wp-content\/uploads\/2023\/05\/chai_nathalie_-768x512.jpg 768w, https:\/\/www.chaidubaron.ch\/wp-content\/uploads\/2023\/05\/chai_nathalie_-272x182.jpg 272w\" sizes=\"(max-width: 900px) 100vw, 900px\" \/><\/figure>\n\n\n\n<p class=\"has-text-align-center has-small-font-size\">Natalie Tinguely<br>Verwaltungsassistentin und Rezeptionistin<br><a href=\"mailto:natalie@chaidubaron.ch\">natalie@chaidubaron.ch<\/a><\/p>\n<\/div>\n\n\n\n<div class=\"wp-block-column is-layout-flow wp-block-column-is-layout-flow\"><\/div>\n\n\n\n<div class=\"wp-block-column is-layout-flow wp-block-column-is-layout-flow\"><\/div>\n<\/div>\n\n\n\n<figure class=\"wp-block-gallery has-nested-images columns-3 is-cropped wp-block-gallery-2 is-layout-flex wp-block-gallery-is-layout-flex\"><\/figure>\n","protected":false},"excerpt":{"rendered":"<p>Mitarbeiter Patrice WalpenInhaberpatrice@chaidubaron.ch St\u00e9phane Gauye\u00d6nologestephane@chaidubaron.ch Romaine SalaminAdministration &amp; HR Managerromaine@chaidubaron.ch Beno\u00eet BarrasKundenberaterbenoit@chaidubaron.ch079 662 10 81 Cyril DautremeKundenberatercyril@chaidubaron.ch076 405 51 35 [&hellip;]<\/p>\n","protected":false},"author":1,"featured_media":0,"parent":0,"menu_order":0,"comment_status":"closed","ping_status":"closed","template":"","meta":{"_uag_custom_page_level_css":"","site-sidebar-layout":"default","site-content-layout":"","ast-site-content-layout":"default","site-content-style":"default","site-sidebar-style":"default","ast-global-header-display":"","ast-banner-title-visibility":"","ast-main-header-display":"","ast-hfb-above-header-display":"","ast-hfb-below-header-display":"","ast-hfb-mobile-header-display":"","site-post-title":"","ast-breadcrumbs-content":"","ast-featured-img":"","footer-sml-layout":"","ast-disable-related-posts":"","theme-transparent-header-meta":"","adv-header-id-meta":"","stick-header-meta":"","header-above-stick-meta":"","header-main-stick-meta":"","header-below-stick-meta":"","astra-migrate-meta-layouts":"default","ast-page-background-enabled":"default","ast-page-background-meta":{"desktop":{"background-color":"var(--ast-global-color-5)","background-image":"","background-repeat":"repeat","background-position":"center center","background-size":"auto","background-attachment":"scroll","background-type":"","background-media":"","overlay-type":"","overlay-color":"","overlay-opacity":"","overlay-gradient":""},"tablet":{"background-color":"","background-image":"","background-repeat":"repeat","background-position":"center center","background-size":"auto","background-attachment":"scroll","background-type":"","background-media":"","overlay-type":"","overlay-color":"","overlay-opacity":"","overlay-gradient":""},"mobile":{"background-color":"","background-image":"","background-repeat":"repeat","background-position":"center center","background-size":"auto","background-attachment":"scroll","background-type":"","background-media":"","overlay-type":"","overlay-color":"","overlay-opacity":"","overlay-gradient":""}},"ast-content-background-meta":{"desktop":{"background-color":"var(--ast-global-color-4)","background-image":"","background-repeat":"repeat","background-position":"center center","background-size":"auto","background-attachment":"scroll","background-type":"","background-media":"","overlay-type":"","overlay-color":"","overlay-opacity":"","overlay-gradient":""},"tablet":{"background-color":"var(--ast-global-color-4)","background-image":"","background-repeat":"repeat","background-position":"center center","background-size":"auto","background-attachment":"scroll","background-type":"","background-media":"","overlay-type":"","overlay-color":"","overlay-opacity":"","overlay-gradient":""},"mobile":{"background-color":"var(--ast-global-color-4)","background-image":"","background-repeat":"repeat","background-position":"center center","background-size":"auto","background-attachment":"scroll","background-type":"","background-media":"","overlay-type":"","overlay-color":"","overlay-opacity":"","overlay-gradient":""}},"footnotes":"","_links_to":"","_links_to_target":""},"class_list":["post-3271","page","type-page","status-publish","hentry"],"yoast_head":"<!-- This site is optimized with the Yoast SEO plugin v27.5 - https:\/\/yoast.com\/product\/yoast-seo-wordpress\/ -->\n<title>Chai du Baron - Das Team<\/title>\n<meta name=\"description\" content=\"Mitarbeiter Patrice WalpenInhaberpatrice@chaidubaron.ch St\u00e9phane Gauye\u00d6nologestephane@chaidubaron.ch Romaine SalaminAdministration &amp; HR\" \/>\n<meta name=\"robots\" content=\"index, follow, max-snippet:-1, max-image-preview:large, max-video-preview:-1\" \/>\n<link rel=\"canonical\" href=\"https:\/\/www.chaidubaron.ch\/de\/collaborateurs-chai\/\" \/>\n<meta property=\"og:locale\" content=\"de_DE\" \/>\n<meta property=\"og:type\" content=\"article\" \/>\n<meta property=\"og:title\" content=\"Chai du Baron - Das Team\" \/>\n<meta property=\"og:description\" content=\"Mitarbeiter Patrice WalpenInhaberpatrice@chaidubaron.ch St\u00e9phane Gauye\u00d6nologestephane@chaidubaron.ch Romaine SalaminAdministration &amp; HR\" \/>\n<meta property=\"og:url\" content=\"https:\/\/www.chaidubaron.ch\/de\/collaborateurs-chai\/\" \/>\n<meta property=\"og:site_name\" content=\"Chai du Baron\" \/>\n<meta property=\"article:modified_time\" content=\"2026-02-26T14:08:21+00:00\" \/>\n<meta property=\"og:image\" content=\"https:\/\/www.chaidubaron.ch\/wp-content\/uploads\/2025\/07\/PatriceWalpen_2025_Omaire_OM99399.jpg\" \/>\n\t<meta property=\"og:image:width\" content=\"1200\" \/>\n\t<meta property=\"og:image:height\" content=\"802\" \/>\n\t<meta property=\"og:image:type\" content=\"image\/jpeg\" \/>\n<meta name=\"twitter:card\" content=\"summary_large_image\" \/>\n<meta name=\"twitter:label1\" content=\"Gesch\u00e4tzte Lesezeit\" \/>\n\t<meta name=\"twitter:data1\" content=\"3\u00a0Minute\" \/>\n<script type=\"application\/ld+json\" class=\"yoast-schema-graph\">{\"@context\":\"https:\\\/\\\/schema.org\",\"@graph\":[{\"@type\":\"WebPage\",\"@id\":\"https:\\\/\\\/www.chaidubaron.ch\\\/de\\\/collaborateurs-chai\\\/\",\"url\":\"https:\\\/\\\/www.chaidubaron.ch\\\/de\\\/collaborateurs-chai\\\/\",\"name\":\"Chai du Baron - Das Team\",\"isPartOf\":{\"@id\":\"https:\\\/\\\/www.chaidubaron.ch\\\/de\\\/#website\"},\"primaryImageOfPage\":{\"@id\":\"https:\\\/\\\/www.chaidubaron.ch\\\/de\\\/collaborateurs-chai\\\/#primaryimage\"},\"image\":{\"@id\":\"https:\\\/\\\/www.chaidubaron.ch\\\/de\\\/collaborateurs-chai\\\/#primaryimage\"},\"thumbnailUrl\":\"https:\\\/\\\/www.chaidubaron.ch\\\/wp-content\\\/uploads\\\/2025\\\/07\\\/PatriceWalpen_2025_Omaire_OM99399-1024x684.jpg\",\"datePublished\":\"2019-06-08T15:17:19+00:00\",\"dateModified\":\"2026-02-26T14:08:21+00:00\",\"description\":\"Mitarbeiter Patrice WalpenInhaberpatrice@chaidubaron.ch St\u00e9phane Gauye\u00d6nologestephane@chaidubaron.ch Romaine SalaminAdministration &amp; HR\",\"breadcrumb\":{\"@id\":\"https:\\\/\\\/www.chaidubaron.ch\\\/de\\\/collaborateurs-chai\\\/#breadcrumb\"},\"inLanguage\":\"de\",\"potentialAction\":[{\"@type\":\"ReadAction\",\"target\":[\"https:\\\/\\\/www.chaidubaron.ch\\\/de\\\/collaborateurs-chai\\\/\"]}]},{\"@type\":\"ImageObject\",\"inLanguage\":\"de\",\"@id\":\"https:\\\/\\\/www.chaidubaron.ch\\\/de\\\/collaborateurs-chai\\\/#primaryimage\",\"url\":\"https:\\\/\\\/www.chaidubaron.ch\\\/wp-content\\\/uploads\\\/2025\\\/07\\\/PatriceWalpen_2025_Omaire_OM99399-1024x684.jpg\",\"contentUrl\":\"https:\\\/\\\/www.chaidubaron.ch\\\/wp-content\\\/uploads\\\/2025\\\/07\\\/PatriceWalpen_2025_Omaire_OM99399-1024x684.jpg\"},{\"@type\":\"BreadcrumbList\",\"@id\":\"https:\\\/\\\/www.chaidubaron.ch\\\/de\\\/collaborateurs-chai\\\/#breadcrumb\",\"itemListElement\":[{\"@type\":\"ListItem\",\"position\":1,\"name\":\"Accueil\",\"item\":\"https:\\\/\\\/www.chaidubaron.ch\\\/de\\\/\"},{\"@type\":\"ListItem\",\"position\":2,\"name\":\"Das Team\"}]},{\"@type\":\"WebSite\",\"@id\":\"https:\\\/\\\/www.chaidubaron.ch\\\/de\\\/#website\",\"url\":\"https:\\\/\\\/www.chaidubaron.ch\\\/de\\\/\",\"name\":\"Chai du Baron\",\"description\":\"Willkommen bei Chai\",\"publisher\":{\"@id\":\"https:\\\/\\\/www.chaidubaron.ch\\\/de\\\/#organization\"},\"potentialAction\":[{\"@type\":\"SearchAction\",\"target\":{\"@type\":\"EntryPoint\",\"urlTemplate\":\"https:\\\/\\\/www.chaidubaron.ch\\\/de\\\/?s={search_term_string}\"},\"query-input\":{\"@type\":\"PropertyValueSpecification\",\"valueRequired\":true,\"valueName\":\"search_term_string\"}}],\"inLanguage\":\"de\"},{\"@type\":\"Organization\",\"@id\":\"https:\\\/\\\/www.chaidubaron.ch\\\/de\\\/#organization\",\"name\":\"Chai du Baron\",\"url\":\"https:\\\/\\\/www.chaidubaron.ch\\\/de\\\/\",\"logo\":{\"@type\":\"ImageObject\",\"inLanguage\":\"de\",\"@id\":\"https:\\\/\\\/www.chaidubaron.ch\\\/de\\\/#\\\/schema\\\/logo\\\/image\\\/\",\"url\":\"https:\\\/\\\/www.chaidubaron.ch\\\/wp-content\\\/uploads\\\/2015\\\/09\\\/Logo_Chai.png\",\"contentUrl\":\"https:\\\/\\\/www.chaidubaron.ch\\\/wp-content\\\/uploads\\\/2015\\\/09\\\/Logo_Chai.png\",\"width\":266,\"height\":139,\"caption\":\"Chai du Baron\"},\"image\":{\"@id\":\"https:\\\/\\\/www.chaidubaron.ch\\\/de\\\/#\\\/schema\\\/logo\\\/image\\\/\"}}]}<\/script>\n<!-- \/ Yoast SEO plugin. -->","yoast_head_json":{"title":"Chai du Baron - Das Team","description":"Mitarbeiter Patrice WalpenInhaberpatrice@chaidubaron.ch St\u00e9phane Gauye\u00d6nologestephane@chaidubaron.ch Romaine SalaminAdministration &amp; HR","robots":{"index":"index","follow":"follow","max-snippet":"max-snippet:-1","max-image-preview":"max-image-preview:large","max-video-preview":"max-video-preview:-1"},"canonical":"https:\/\/www.chaidubaron.ch\/de\/collaborateurs-chai\/","og_locale":"de_DE","og_type":"article","og_title":"Chai du Baron - Das Team","og_description":"Mitarbeiter Patrice WalpenInhaberpatrice@chaidubaron.ch St\u00e9phane Gauye\u00d6nologestephane@chaidubaron.ch Romaine SalaminAdministration &amp; HR","og_url":"https:\/\/www.chaidubaron.ch\/de\/collaborateurs-chai\/","og_site_name":"Chai du Baron","article_modified_time":"2026-02-26T14:08:21+00:00","og_image":[{"width":1200,"height":802,"url":"https:\/\/www.chaidubaron.ch\/wp-content\/uploads\/2025\/07\/PatriceWalpen_2025_Omaire_OM99399.jpg","type":"image\/jpeg"}],"twitter_card":"summary_large_image","twitter_misc":{"Gesch\u00e4tzte Lesezeit":"3\u00a0Minute"},"schema":{"@context":"https:\/\/schema.org","@graph":[{"@type":"WebPage","@id":"https:\/\/www.chaidubaron.ch\/de\/collaborateurs-chai\/","url":"https:\/\/www.chaidubaron.ch\/de\/collaborateurs-chai\/","name":"Chai du Baron - Das Team","isPartOf":{"@id":"https:\/\/www.chaidubaron.ch\/de\/#website"},"primaryImageOfPage":{"@id":"https:\/\/www.chaidubaron.ch\/de\/collaborateurs-chai\/#primaryimage"},"image":{"@id":"https:\/\/www.chaidubaron.ch\/de\/collaborateurs-chai\/#primaryimage"},"thumbnailUrl":"https:\/\/www.chaidubaron.ch\/wp-content\/uploads\/2025\/07\/PatriceWalpen_2025_Omaire_OM99399-1024x684.jpg","datePublished":"2019-06-08T15:17:19+00:00","dateModified":"2026-02-26T14:08:21+00:00","description":"Mitarbeiter Patrice WalpenInhaberpatrice@chaidubaron.ch St\u00e9phane Gauye\u00d6nologestephane@chaidubaron.ch Romaine SalaminAdministration &amp; HR","breadcrumb":{"@id":"https:\/\/www.chaidubaron.ch\/de\/collaborateurs-chai\/#breadcrumb"},"inLanguage":"de","potentialAction":[{"@type":"ReadAction","target":["https:\/\/www.chaidubaron.ch\/de\/collaborateurs-chai\/"]}]},{"@type":"ImageObject","inLanguage":"de","@id":"https:\/\/www.chaidubaron.ch\/de\/collaborateurs-chai\/#primaryimage","url":"https:\/\/www.chaidubaron.ch\/wp-content\/uploads\/2025\/07\/PatriceWalpen_2025_Omaire_OM99399-1024x684.jpg","contentUrl":"https:\/\/www.chaidubaron.ch\/wp-content\/uploads\/2025\/07\/PatriceWalpen_2025_Omaire_OM99399-1024x684.jpg"},{"@type":"BreadcrumbList","@id":"https:\/\/www.chaidubaron.ch\/de\/collaborateurs-chai\/#breadcrumb","itemListElement":[{"@type":"ListItem","position":1,"name":"Accueil","item":"https:\/\/www.chaidubaron.ch\/de\/"},{"@type":"ListItem","position":2,"name":"Das Team"}]},{"@type":"WebSite","@id":"https:\/\/www.chaidubaron.ch\/de\/#website","url":"https:\/\/www.chaidubaron.ch\/de\/","name":"Chai du Baron","description":"Willkommen bei Chai","publisher":{"@id":"https:\/\/www.chaidubaron.ch\/de\/#organization"},"potentialAction":[{"@type":"SearchAction","target":{"@type":"EntryPoint","urlTemplate":"https:\/\/www.chaidubaron.ch\/de\/?s={search_term_string}"},"query-input":{"@type":"PropertyValueSpecification","valueRequired":true,"valueName":"search_term_string"}}],"inLanguage":"de"},{"@type":"Organization","@id":"https:\/\/www.chaidubaron.ch\/de\/#organization","name":"Chai du Baron","url":"https:\/\/www.chaidubaron.ch\/de\/","logo":{"@type":"ImageObject","inLanguage":"de","@id":"https:\/\/www.chaidubaron.ch\/de\/#\/schema\/logo\/image\/","url":"https:\/\/www.chaidubaron.ch\/wp-content\/uploads\/2015\/09\/Logo_Chai.png","contentUrl":"https:\/\/www.chaidubaron.ch\/wp-content\/uploads\/2015\/09\/Logo_Chai.png","width":266,"height":139,"caption":"Chai du Baron"},"image":{"@id":"https:\/\/www.chaidubaron.ch\/de\/#\/schema\/logo\/image\/"}}]}},"spectra_custom_meta":{"_wp_page_template":["default"],"_edit_lock":["1772116423:263"],"_edit_last":["263"],"_yoast_wpseo_content_score":["90"],"classic-editor-remember":["block-editor"],"_wpml_word_count":["41"],"_wpml_location_migration_done":["1"],"_wpml_media_duplicate":["1"],"_wpml_media_featured":["1"],"_yoast_wpseo_estimated-reading-time-minutes":["3"],"_wpml_post_translation_editor_native":["yes"],"_last_translation_edit_mode":["native-editor"],"_top_nav_excluded":[""],"_cms_nav_minihome":[""],"cmplz_hide_cookiebanner":[""],"_wpml_media_has_media":["1"],"_uag_css_file_name":["uag-css-3271.css"],"_uag_js_file_name":["uag-js-3271.js"]},"uagb_featured_image_src":{"full":false,"thumbnail":false,"medium":false,"medium_large":false,"large":false,"1536x1536":false,"2048x2048":false,"woocommerce_thumbnail":false,"woocommerce_single":false,"woocommerce_gallery_thumbnail":false},"uagb_author_info":{"display_name":"chai","author_link":"https:\/\/www.chaidubaron.ch\/de\/author\/chai\/"},"uagb_comment_info":0,"uagb_excerpt":"Mitarbeiter Patrice WalpenInhaberpatrice@chaidubaron.ch St\u00e9phane Gauye\u00d6nologestephane@chaidubaron.ch Romaine SalaminAdministration &amp; HR Managerromaine@chaidubaron.ch Beno\u00eet BarrasKundenberaterbenoit@chaidubaron.ch079 662 10 81 Cyril DautremeKundenberatercyril@chaidubaron.ch076 405 51 35 [&hellip;]","_links":{"self":[{"href":"https:\/\/www.chaidubaron.ch\/de\/wp-json\/wp\/v2\/pages\/3271","targetHints":{"allow":["GET"]}}],"collection":[{"href":"https:\/\/www.chaidubaron.ch\/de\/wp-json\/wp\/v2\/pages"}],"about":[{"href":"https:\/\/www.chaidubaron.ch\/de\/wp-json\/wp\/v2\/types\/page"}],"author":[{"embeddable":true,"href":"https:\/\/www.chaidubaron.ch\/de\/wp-json\/wp\/v2\/users\/1"}],"replies":[{"embeddable":true,"href":"https:\/\/www.chaidubaron.ch\/de\/wp-json\/wp\/v2\/comments?post=3271"}],"version-history":[{"count":8,"href":"https:\/\/www.chaidubaron.ch\/de\/wp-json\/wp\/v2\/pages\/3271\/revisions"}],"predecessor-version":[{"id":12264,"href":"https:\/\/www.chaidubaron.ch\/de\/wp-json\/wp\/v2\/pages\/3271\/revisions\/12264"}],"wp:attachment":[{"href":"https:\/\/www.chaidubaron.ch\/de\/wp-json\/wp\/v2\/media?parent=3271"}],"curies":[{"name":"wp","href":"https:\/\/api.w.org\/{rel}","templated":true}]}}